{"id":1311,"date":"2024-08-20T15:22:45","date_gmt":"2024-08-20T13:22:45","guid":{"rendered":"http:\/\/rhizomstjc.cluster014.ovh.net\/?page_id=1311"},"modified":"2024-08-20T17:15:07","modified_gmt":"2024-08-20T15:15:07","slug":"collab","status":"publish","type":"page","link":"https:\/\/rhizom-studio.com\/?page_id=1311","title":{"rendered":"Collab"},"content":{"rendered":"\t\t<div data-elementor-type=\"wp-page\" data-elementor-id=\"1311\" class=\"elementor elementor-1311\">\n\t\t\t\t<div class=\"elementor-element elementor-element-05e46a7 e-grid e-con-boxed e-con e-parent\" data-id=\"05e46a7\" data-element_type=\"container\" data-e-type=\"container\">\n\t\t\t\t\t<div class=\"e-con-inner\">\n\t\t\t\t<div class=\"elementor-element elementor-element-2ee2883 elementor-widget elementor-widget-image\" data-id=\"2ee2883\" data-element_type=\"widget\" data-e-type=\"widget\" data-widget_type=\"image.default\">\n\t\t\t\t<div class=\"elementor-widget-container\">\n\t\t\t\t\t\t\t\t\t\t\t\t\t\t\t<img fetchpriority=\"high\" decoding=\"async\" width=\"683\" height=\"1024\" src=\"https:\/\/rhizom-studio.com\/wp-content\/uploads\/2024\/08\/rhizom-urbanears-collaboration-artistique-art-textile-artiste-textile-rose-morand-corde-fil-macrame-passementerie-683x1024.jpg\" class=\"attachment-large size-large wp-image-1319\" alt=\"\" srcset=\"https:\/\/rhizom-studio.com\/wp-content\/uploads\/2024\/08\/rhizom-urbanears-collaboration-artistique-art-textile-artiste-textile-rose-morand-corde-fil-macrame-passementerie-683x1024.jpg 683w, https:\/\/rhizom-studio.com\/wp-content\/uploads\/2024\/08\/rhizom-urbanears-collaboration-artistique-art-textile-artiste-textile-rose-morand-corde-fil-macrame-passementerie-200x300.jpg 200w, https:\/\/rhizom-studio.com\/wp-content\/uploads\/2024\/08\/rhizom-urbanears-collaboration-artistique-art-textile-artiste-textile-rose-morand-corde-fil-macrame-passementerie-768x1152.jpg 768w, https:\/\/rhizom-studio.com\/wp-content\/uploads\/2024\/08\/rhizom-urbanears-collaboration-artistique-art-textile-artiste-textile-rose-morand-corde-fil-macrame-passementerie.jpg 770w\" sizes=\"(max-width: 683px) 100vw, 683px\" \/>\t\t\t\t\t\t\t\t\t\t\t\t\t\t\t<\/div>\n\t\t\t\t<\/div>\n\t\t\t\t<div class=\"elementor-element elementor-element-3d73561 elementor-widget elementor-widget-image\" data-id=\"3d73561\" data-element_type=\"widget\" data-e-type=\"widget\" data-widget_type=\"image.default\">\n\t\t\t\t<div class=\"elementor-widget-container\">\n\t\t\t\t\t\t\t\t\t\t\t\t\t\t\t<img decoding=\"async\" width=\"683\" height=\"1024\" src=\"https:\/\/rhizom-studio.com\/wp-content\/uploads\/2024\/08\/rhizom-urbanears-collaboration-artistique-art-textile-artiste-textile-rose-morand-corde-fil-macrame-passementerie-cordon-parure-collier-createur-france-artisanat-683x1024.jpg\" class=\"attachment-large size-large wp-image-1326\" alt=\"\" srcset=\"https:\/\/rhizom-studio.com\/wp-content\/uploads\/2024\/08\/rhizom-urbanears-collaboration-artistique-art-textile-artiste-textile-rose-morand-corde-fil-macrame-passementerie-cordon-parure-collier-createur-france-artisanat-683x1024.jpg 683w, https:\/\/rhizom-studio.com\/wp-content\/uploads\/2024\/08\/rhizom-urbanears-collaboration-artistique-art-textile-artiste-textile-rose-morand-corde-fil-macrame-passementerie-cordon-parure-collier-createur-france-artisanat-200x300.jpg 200w, https:\/\/rhizom-studio.com\/wp-content\/uploads\/2024\/08\/rhizom-urbanears-collaboration-artistique-art-textile-artiste-textile-rose-morand-corde-fil-macrame-passementerie-cordon-parure-collier-createur-france-artisanat-768x1152.jpg 768w, https:\/\/rhizom-studio.com\/wp-content\/uploads\/2024\/08\/rhizom-urbanears-collaboration-artistique-art-textile-artiste-textile-rose-morand-corde-fil-macrame-passementerie-cordon-parure-collier-createur-france-artisanat.jpg 770w\" sizes=\"(max-width: 683px) 100vw, 683px\" \/>\t\t\t\t\t\t\t\t\t\t\t\t\t\t\t<\/div>\n\t\t\t\t<\/div>\n\t\t\t\t\t<\/div>\n\t\t\t\t<\/div>\n\t\t<div class=\"elementor-element elementor-element-04c74e8 e-flex e-con-boxed e-con e-parent\" data-id=\"04c74e8\" data-element_type=\"container\" data-e-type=\"container\">\n\t\t\t\t\t<div class=\"e-con-inner\">\n\t\t\t\t<div class=\"elementor-element elementor-element-fe0ec8f elementor-widget elementor-widget-spacer\" data-id=\"fe0ec8f\" data-element_type=\"widget\" data-e-type=\"widget\" data-widget_type=\"spacer.default\">\n\t\t\t\t<div class=\"elementor-widget-container\">\n\t\t\t\t\t\t\t<div class=\"elementor-spacer\">\n\t\t\t<div class=\"elementor-spacer-inner\"><\/div>\n\t\t<\/div>\n\t\t\t\t\t\t<\/div>\n\t\t\t\t<\/div>\n\t\t\t\t\t<\/div>\n\t\t\t\t<\/div>\n\t\t<div class=\"elementor-element elementor-element-b21b9be e-flex e-con-boxed e-con e-parent\" data-id=\"b21b9be\" data-element_type=\"container\" data-e-type=\"container\">\n\t\t\t\t\t<div class=\"e-con-inner\">\n\t\t\t\t<div class=\"elementor-element elementor-element-cb5a968 elementor-widget elementor-widget-text-editor\" data-id=\"cb5a968\" data-element_type=\"widget\" data-e-type=\"widget\" data-widget_type=\"text-editor.default\">\n\t\t\t\t<div class=\"elementor-widget-container\">\n\t\t\t\t\t\t\t\t\t<p><strong>RHIZOM + URBANEARS : CUT THE CORD\u00a0 \/ 2018\u00a0<\/strong><\/p><p class=\"p4\"><span class=\"s1\">R\u00e9alisation de parures pour la soir\u00e9e de lancement du nouveau casque bluetooth Urbanears.<\/span><\/p><p class=\"p4\"><span class=\"s1\">D\u00e9tournement de la fonctionnalit\u00e9 du c\u00e2ble des casques audio.\u00a0<\/span><span style=\"font-style: inherit; font-weight: inherit; font-family: var( --e-global-typography-text-font-family ), Sans-serif; text-align: var(--text-align); background-color: var(--ast-global-color-5); color: var(--ast-global-color-3);\">On s\u2019affranchit du fil pour gagner en libert\u00e9 de mouvement, le fil est lib\u00e9r\u00e9 et devient objet artistique. Cette collaboration Rhizom \/\u00a0Urbanears est l\u2019occasion de proposer des parures textiles uniques en rendant hommage \u00e0 la fonctionnalit\u00e9.<\/span><\/p>\t\t\t\t\t\t\t\t<\/div>\n\t\t\t\t<\/div>\n\t\t\t\t\t<\/div>\n\t\t\t\t<\/div>\n\t\t<div class=\"elementor-element elementor-element-af11cf1 e-flex e-con-boxed e-con e-parent\" data-id=\"af11cf1\" data-element_type=\"container\" data-e-type=\"container\">\n\t\t\t\t\t<div class=\"e-con-inner\">\n\t\t\t\t<div class=\"elementor-element elementor-element-372679d elementor-arrows-position-inside elementor-pagination-position-outside elementor-widget elementor-widget-image-carousel\" data-id=\"372679d\" data-element_type=\"widget\" data-e-type=\"widget\" data-settings=\"{&quot;slides_to_show&quot;:&quot;1&quot;,&quot;navigation&quot;:&quot;both&quot;,&quot;autoplay&quot;:&quot;yes&quot;,&quot;pause_on_hover&quot;:&quot;yes&quot;,&quot;pause_on_interaction&quot;:&quot;yes&quot;,&quot;autoplay_speed&quot;:5000,&quot;infinite&quot;:&quot;yes&quot;,&quot;effect&quot;:&quot;slide&quot;,&quot;speed&quot;:500}\" data-widget_type=\"image-carousel.default\">\n\t\t\t\t<div class=\"elementor-widget-container\">\n\t\t\t\t\t\t\t<div class=\"elementor-image-carousel-wrapper swiper\" role=\"region\" aria-roledescription=\"carousel\" aria-label=\"Carrousel d\u2019images\" dir=\"ltr\">\n\t\t\t<div class=\"elementor-image-carousel swiper-wrapper\" aria-live=\"off\">\n\t\t\t\t\t\t\t\t<div class=\"swiper-slide\" role=\"group\" aria-roledescription=\"slide\" aria-label=\"1 sur 3\"><figure class=\"swiper-slide-inner\"><img decoding=\"async\" class=\"swiper-slide-image\" src=\"https:\/\/rhizom-studio.com\/wp-content\/uploads\/2024\/08\/rhizom-urbanears-collaboration-artistique-art-textile-artiste-textile-rose-morand-corde-fil-rouge-macrame-passementerie-cordon-parure-collier-createur-france-evenementiel-768x512.jpg\" alt=\"rhizom urbanears collaboration artistique art textile artiste textile rose morand corde fil rouge macrame passementerie cordon parure collier createur france evenementiel\" \/><\/figure><\/div><div class=\"swiper-slide\" role=\"group\" aria-roledescription=\"slide\" aria-label=\"2 sur 3\"><figure class=\"swiper-slide-inner\"><img decoding=\"async\" class=\"swiper-slide-image\" src=\"https:\/\/rhizom-studio.com\/wp-content\/uploads\/2024\/08\/urbanears-rhizom-studio-evenement-cut-the-cord-art-textile-plattan2BT-1-768x456.jpg\" alt=\"urbanears rhizom studio evenement cut the cord art textile plattan2BT\" \/><\/figure><\/div><div class=\"swiper-slide\" role=\"group\" aria-roledescription=\"slide\" aria-label=\"3 sur 3\"><figure class=\"swiper-slide-inner\"><img decoding=\"async\" class=\"swiper-slide-image\" src=\"https:\/\/rhizom-studio.com\/wp-content\/uploads\/2024\/08\/urbanears-rhizom-studio-cut-the-cord-evenement-cut-the-cord-art-textile-plattan2BT-bleu-768x512.jpg\" alt=\"urbanears rhizom studio cut the cord evenement cut the cord art textile plattan2BT bleu\" \/><\/figure><\/div>\t\t\t<\/div>\n\t\t\t\t\t\t\t\t\t\t\t\t<div class=\"elementor-swiper-button elementor-swiper-button-prev\" role=\"button\" tabindex=\"0\">\n\t\t\t\t\t\t<i aria-hidden=\"true\" class=\"eicon-chevron-left\"><\/i>\t\t\t\t\t<\/div>\n\t\t\t\t\t<div class=\"elementor-swiper-button elementor-swiper-button-next\" role=\"button\" tabindex=\"0\">\n\t\t\t\t\t\t<i aria-hidden=\"true\" class=\"eicon-chevron-right\"><\/i>\t\t\t\t\t<\/div>\n\t\t\t\t\n\t\t\t\t\t\t\t\t\t<div class=\"swiper-pagination\"><\/div>\n\t\t\t\t\t\t\t\t\t<\/div>\n\t\t\t\t\t\t<\/div>\n\t\t\t\t<\/div>\n\t\t\t\t\t<\/div>\n\t\t\t\t<\/div>\n\t\t<div class=\"elementor-element elementor-element-7353b1b e-flex e-con-boxed e-con e-parent\" data-id=\"7353b1b\" data-element_type=\"container\" data-e-type=\"container\">\n\t\t\t\t\t<div class=\"e-con-inner\">\n\t\t<div class=\"elementor-element elementor-element-0ac2350 e-con-full e-flex e-con e-child\" data-id=\"0ac2350\" data-element_type=\"container\" data-e-type=\"container\">\n\t\t\t\t<div class=\"elementor-element elementor-element-50f5715 elementor-widget elementor-widget-image\" data-id=\"50f5715\" data-element_type=\"widget\" data-e-type=\"widget\" data-widget_type=\"image.default\">\n\t\t\t\t<div class=\"elementor-widget-container\">\n\t\t\t\t\t\t\t\t\t\t\t\t\t\t\t<img decoding=\"async\" width=\"683\" height=\"1024\" src=\"https:\/\/rhizom-studio.com\/wp-content\/uploads\/2024\/08\/rhizom-urbanears-collaboration-artistique-art-textile-artiste-textile-rose-morand-corde-fil-rouge-macrame-passementerie-cordon-parure-collier-createur-france-artisanat-683x1024.jpg\" class=\"attachment-large size-large wp-image-1325\" alt=\"\" srcset=\"https:\/\/rhizom-studio.com\/wp-content\/uploads\/2024\/08\/rhizom-urbanears-collaboration-artistique-art-textile-artiste-textile-rose-morand-corde-fil-rouge-macrame-passementerie-cordon-parure-collier-createur-france-artisanat-683x1024.jpg 683w, https:\/\/rhizom-studio.com\/wp-content\/uploads\/2024\/08\/rhizom-urbanears-collaboration-artistique-art-textile-artiste-textile-rose-morand-corde-fil-rouge-macrame-passementerie-cordon-parure-collier-createur-france-artisanat-200x300.jpg 200w, https:\/\/rhizom-studio.com\/wp-content\/uploads\/2024\/08\/rhizom-urbanears-collaboration-artistique-art-textile-artiste-textile-rose-morand-corde-fil-rouge-macrame-passementerie-cordon-parure-collier-createur-france-artisanat-768x1152.jpg 768w, https:\/\/rhizom-studio.com\/wp-content\/uploads\/2024\/08\/rhizom-urbanears-collaboration-artistique-art-textile-artiste-textile-rose-morand-corde-fil-rouge-macrame-passementerie-cordon-parure-collier-createur-france-artisanat.jpg 770w\" sizes=\"(max-width: 683px) 100vw, 683px\" \/>\t\t\t\t\t\t\t\t\t\t\t\t\t\t\t<\/div>\n\t\t\t\t<\/div>\n\t\t\t\t<\/div>\n\t\t<div class=\"elementor-element elementor-element-35c4e49 e-con-full e-flex e-con e-child\" data-id=\"35c4e49\" data-element_type=\"container\" data-e-type=\"container\">\n\t\t\t\t<div class=\"elementor-element elementor-element-b9eaa36 elementor-widget elementor-widget-image\" data-id=\"b9eaa36\" data-element_type=\"widget\" data-e-type=\"widget\" data-widget_type=\"image.default\">\n\t\t\t\t<div class=\"elementor-widget-container\">\n\t\t\t\t\t\t\t\t\t\t\t\t\t\t\t<img loading=\"lazy\" decoding=\"async\" width=\"400\" height=\"600\" src=\"https:\/\/rhizom-studio.com\/wp-content\/uploads\/2024\/08\/rhizom-studio-urbanears-cutthecord-bijoux-macrame.jpg\" class=\"attachment-large size-large wp-image-1374\" alt=\"\" srcset=\"https:\/\/rhizom-studio.com\/wp-content\/uploads\/2024\/08\/rhizom-studio-urbanears-cutthecord-bijoux-macrame.jpg 400w, https:\/\/rhizom-studio.com\/wp-content\/uploads\/2024\/08\/rhizom-studio-urbanears-cutthecord-bijoux-macrame-200x300.jpg 200w\" sizes=\"(max-width: 400px) 100vw, 400px\" \/>\t\t\t\t\t\t\t\t\t\t\t\t\t\t\t<\/div>\n\t\t\t\t<\/div>\n\t\t\t\t<\/div>\n\t\t<div class=\"elementor-element elementor-element-abbe492 e-con-full e-flex e-con e-child\" data-id=\"abbe492\" data-element_type=\"container\" data-e-type=\"container\">\n\t\t\t\t<div class=\"elementor-element elementor-element-22a3922 elementor-widget elementor-widget-image\" data-id=\"22a3922\" data-element_type=\"widget\" data-e-type=\"widget\" data-widget_type=\"image.default\">\n\t\t\t\t<div class=\"elementor-widget-container\">\n\t\t\t\t\t\t\t\t\t\t\t\t\t\t\t<img loading=\"lazy\" decoding=\"async\" width=\"683\" height=\"1024\" src=\"https:\/\/rhizom-studio.com\/wp-content\/uploads\/2024\/08\/rhizom-urbanears-collaboration-artistique-art-textile-artiste-textile-rose-morand-corde-fil-macrame-passementerie-cordon-parure-collier-createur-france-683x1024.jpg\" class=\"attachment-large size-large wp-image-1318\" alt=\"\" srcset=\"https:\/\/rhizom-studio.com\/wp-content\/uploads\/2024\/08\/rhizom-urbanears-collaboration-artistique-art-textile-artiste-textile-rose-morand-corde-fil-macrame-passementerie-cordon-parure-collier-createur-france-683x1024.jpg 683w, https:\/\/rhizom-studio.com\/wp-content\/uploads\/2024\/08\/rhizom-urbanears-collaboration-artistique-art-textile-artiste-textile-rose-morand-corde-fil-macrame-passementerie-cordon-parure-collier-createur-france-200x300.jpg 200w, https:\/\/rhizom-studio.com\/wp-content\/uploads\/2024\/08\/rhizom-urbanears-collaboration-artistique-art-textile-artiste-textile-rose-morand-corde-fil-macrame-passementerie-cordon-parure-collier-createur-france-768x1152.jpg 768w, https:\/\/rhizom-studio.com\/wp-content\/uploads\/2024\/08\/rhizom-urbanears-collaboration-artistique-art-textile-artiste-textile-rose-morand-corde-fil-macrame-passementerie-cordon-parure-collier-createur-france.jpg 770w\" sizes=\"(max-width: 683px) 100vw, 683px\" \/>\t\t\t\t\t\t\t\t\t\t\t\t\t\t\t<\/div>\n\t\t\t\t<\/div>\n\t\t\t\t<\/div>\n\t\t<div class=\"elementor-element elementor-element-7f4559c e-con-full e-flex e-con e-child\" data-id=\"7f4559c\" data-element_type=\"container\" data-e-type=\"container\">\n\t\t\t\t<div class=\"elementor-element elementor-element-b127c24 elementor-widget elementor-widget-image\" data-id=\"b127c24\" data-element_type=\"widget\" data-e-type=\"widget\" data-widget_type=\"image.default\">\n\t\t\t\t<div class=\"elementor-widget-container\">\n\t\t\t\t\t\t\t\t\t\t\t\t\t\t\t<img loading=\"lazy\" decoding=\"async\" width=\"683\" height=\"1024\" src=\"https:\/\/rhizom-studio.com\/wp-content\/uploads\/2024\/08\/rhizom-urbanears-cut-the-cord-collaboration-artistique-art-textile-artiste-textile-rose-morand-corde-fil-macrame-passementerie-cordon-parure-collier-createur-france-epaullette-1-683x1024.jpg\" class=\"attachment-large size-large wp-image-1375\" alt=\"\" srcset=\"https:\/\/rhizom-studio.com\/wp-content\/uploads\/2024\/08\/rhizom-urbanears-cut-the-cord-collaboration-artistique-art-textile-artiste-textile-rose-morand-corde-fil-macrame-passementerie-cordon-parure-collier-createur-france-epaullette-1-683x1024.jpg 683w, https:\/\/rhizom-studio.com\/wp-content\/uploads\/2024\/08\/rhizom-urbanears-cut-the-cord-collaboration-artistique-art-textile-artiste-textile-rose-morand-corde-fil-macrame-passementerie-cordon-parure-collier-createur-france-epaullette-1-200x300.jpg 200w, https:\/\/rhizom-studio.com\/wp-content\/uploads\/2024\/08\/rhizom-urbanears-cut-the-cord-collaboration-artistique-art-textile-artiste-textile-rose-morand-corde-fil-macrame-passementerie-cordon-parure-collier-createur-france-epaullette-1-768x1152.jpg 768w, https:\/\/rhizom-studio.com\/wp-content\/uploads\/2024\/08\/rhizom-urbanears-cut-the-cord-collaboration-artistique-art-textile-artiste-textile-rose-morand-corde-fil-macrame-passementerie-cordon-parure-collier-createur-france-epaullette-1.jpg 770w\" sizes=\"(max-width: 683px) 100vw, 683px\" \/>\t\t\t\t\t\t\t\t\t\t\t\t\t\t\t<\/div>\n\t\t\t\t<\/div>\n\t\t\t\t<\/div>\n\t\t\t\t\t<\/div>\n\t\t\t\t<\/div>\n\t\t<div class=\"elementor-element elementor-element-7a04a94 e-flex e-con-boxed e-con e-parent\" data-id=\"7a04a94\" data-element_type=\"container\" data-e-type=\"container\">\n\t\t\t\t\t<div class=\"e-con-inner\">\n\t\t\t\t<div class=\"elementor-element elementor-element-5b8a49b elementor-widget elementor-widget-spacer\" data-id=\"5b8a49b\" data-element_type=\"widget\" data-e-type=\"widget\" data-widget_type=\"spacer.default\">\n\t\t\t\t<div class=\"elementor-widget-container\">\n\t\t\t\t\t\t\t<div class=\"elementor-spacer\">\n\t\t\t<div class=\"elementor-spacer-inner\"><\/div>\n\t\t<\/div>\n\t\t\t\t\t\t<\/div>\n\t\t\t\t<\/div>\n\t\t\t\t\t<\/div>\n\t\t\t\t<\/div>\n\t\t\t\t<\/div>\n\t\t","protected":false},"excerpt":{"rendered":"<p>RHIZOM + URBANEARS : CUT THE CORD\u00a0 \/ 2018\u00a0 R\u00e9alisation de parures pour la soir\u00e9e de lancement du nouveau casque [&hellip;]<\/p>\n","protected":false},"author":1,"featured_media":0,"parent":0,"menu_order":0,"comment_status":"closed","ping_status":"closed","template":"","meta":{"site-sidebar-layout":"no-sidebar","site-content-layout":"","ast-site-content-layout":"full-width-container","site-content-style":"default","site-sidebar-style":"default","ast-global-header-display":"","ast-banner-title-visibility":"","ast-main-header-display":"","ast-hfb-above-header-display":"","ast-hfb-below-header-display":"","ast-hfb-mobile-header-display":"","site-post-title":"disabled","ast-breadcrumbs-content":"","ast-featured-img":"disabled","footer-sml-layout":"","theme-transparent-header-meta":"","adv-header-id-meta":"","stick-header-meta":"","header-above-stick-meta":"","header-main-stick-meta":"","header-below-stick-meta":"","astra-migrate-meta-layouts":"default","ast-page-background-enabled":"default","ast-page-background-meta":{"desktop":{"background-color":"var(--ast-global-color-4)","background-image":"","background-repeat":"repeat","background-position":"center center","background-size":"auto","background-attachment":"scroll","background-type":"","background-media":"","overlay-type":"","overlay-color":"","overlay-opacity":"","overlay-gradient":""},"tablet":{"background-color":"","background-image":"","background-repeat":"repeat","background-position":"center center","background-size":"auto","background-attachment":"scroll","background-type":"","background-media":"","overlay-type":"","overlay-color":"","overlay-opacity":"","overlay-gradient":""},"mobile":{"background-color":"","background-image":"","background-repeat":"repeat","background-position":"center center","background-size":"auto","background-attachment":"scroll","background-type":"","background-media":"","overlay-type":"","overlay-color":"","overlay-opacity":"","overlay-gradient":""}},"ast-content-background-meta":{"desktop":{"background-color":"var(--ast-global-color-5)","background-image":"","background-repeat":"repeat","background-position":"center center","background-size":"auto","background-attachment":"scroll","background-type":"","background-media":"","overlay-type":"","overlay-color":"","overlay-opacity":"","overlay-gradient":""},"tablet":{"background-color":"var(--ast-global-color-5)","background-image":"","background-repeat":"repeat","background-position":"center center","background-size":"auto","background-attachment":"scroll","background-type":"","background-media":"","overlay-type":"","overlay-color":"","overlay-opacity":"","overlay-gradient":""},"mobile":{"background-color":"var(--ast-global-color-5)","background-image":"","background-repeat":"repeat","background-position":"center center","background-size":"auto","background-attachment":"scroll","background-type":"","background-media":"","overlay-type":"","overlay-color":"","overlay-opacity":"","overlay-gradient":""}},"footnotes":""},"class_list":["post-1311","page","type-page","status-publish","hentry"],"_links":{"self":[{"href":"https:\/\/rhizom-studio.com\/index.php?rest_route=\/wp\/v2\/pages\/1311","targetHints":{"allow":["GET"]}}],"collection":[{"href":"https:\/\/rhizom-studio.com\/index.php?rest_route=\/wp\/v2\/pages"}],"about":[{"href":"https:\/\/rhizom-studio.com\/index.php?rest_route=\/wp\/v2\/types\/page"}],"author":[{"embeddable":true,"href":"https:\/\/rhizom-studio.com\/index.php?rest_route=\/wp\/v2\/users\/1"}],"replies":[{"embeddable":true,"href":"https:\/\/rhizom-studio.com\/index.php?rest_route=%2Fwp%2Fv2%2Fcomments&post=1311"}],"version-history":[{"count":52,"href":"https:\/\/rhizom-studio.com\/index.php?rest_route=\/wp\/v2\/pages\/1311\/revisions"}],"predecessor-version":[{"id":1384,"href":"https:\/\/rhizom-studio.com\/index.php?rest_route=\/wp\/v2\/pages\/1311\/revisions\/1384"}],"wp:attachment":[{"href":"https:\/\/rhizom-studio.com\/index.php?rest_route=%2Fwp%2Fv2%2Fmedia&parent=1311"}],"curies":[{"name":"wp","href":"https:\/\/api.w.org\/{rel}","templated":true}]}}